{"id":2142,"date":"2022-06-21T21:26:20","date_gmt":"2022-06-21T19:26:20","guid":{"rendered":"https:\/\/www.lekceanglictiny.com\/?post_type=product&#038;p=2142"},"modified":"2022-06-21T23:13:32","modified_gmt":"2022-06-21T21:13:32","slug":"letni-balicek","status":"publish","type":"product","link":"https:\/\/www.lekceanglictiny.com\/index.php\/product\/letni-balicek\/","title":{"rendered":"Letn\u00ed speci\u00e1l &#8211; lekce angli\u010dtiny"},"content":{"rendered":"<p>Voucher lze uplatnit pouze v <strong>\u010dervenci, srpnu a z\u00e1\u0159\u00ed 2022<\/strong>.<\/p>\n","protected":false},"excerpt":{"rendered":"<p>Voucher lze uplatnit pouze v \u010dervenci, srpnu a z\u00e1\u0159\u00ed 2022.<\/p>\n","protected":false},"featured_media":2043,"template":"","meta":{"site-sidebar-layout":"default","site-content-layout":"default","ast-site-content-layout":"","site-content-style":"default","site-sidebar-style":"default","ast-global-header-display":"","ast-banner-title-visibility":"","ast-main-header-display":"","ast-hfb-above-header-display":"","ast-hfb-below-header-display":"","ast-hfb-mobile-header-display":"","site-post-title":"","ast-breadcrumbs-content":"","ast-featured-img":"","footer-sml-layout":"","theme-transparent-header-meta":"default","adv-header-id-meta":"","stick-header-meta":"","header-above-stick-meta":"","header-main-stick-meta":"","header-below-stick-meta":"","astra-migrate-meta-layouts":"default","ast-page-background-enabled":"default","ast-page-background-meta":{"desktop":{"background-color":"","background-image":"","background-repeat":"repeat","background-position":"center center","background-size":"auto","background-attachment":"scroll","background-type":"","background-media":"","overlay-type":"","overlay-color":"","overlay-opacity":"","overlay-gradient":""},"tablet":{"background-color":"","background-image":"","background-repeat":"repeat","background-position":"center center","background-size":"auto","background-attachment":"scroll","background-type":"","background-media":"","overlay-type":"","overlay-color":"","overlay-opacity":"","overlay-gradient":""},"mobile":{"background-color":"","background-image":"","background-repeat":"repeat","background-position":"center center","background-size":"auto","background-attachment":"scroll","background-type":"","background-media":"","overlay-type":"","overlay-color":"","overlay-opacity":"","overlay-gradient":""}},"ast-content-background-meta":{"desktop":{"background-color":"var(--ast-global-color-5)","background-image":"","background-repeat":"repeat","background-position":"center center","background-size":"auto","background-attachment":"scroll","background-type":"","background-media":"","overlay-type":"","overlay-color":"","overlay-opacity":"","overlay-gradient":""},"tablet":{"background-color":"var(--ast-global-color-5)","background-image":"","background-repeat":"repeat","background-position":"center center","background-size":"auto","background-attachment":"scroll","background-type":"","background-media":"","overlay-type":"","overlay-color":"","overlay-opacity":"","overlay-gradient":""},"mobile":{"background-color":"var(--ast-global-color-5)","background-image":"","background-repeat":"repeat","background-position":"center center","background-size":"auto","background-attachment":"scroll","background-type":"","background-media":"","overlay-type":"","overlay-color":"","overlay-opacity":"","overlay-gradient":""}}},"product_cat":[22],"product_tag":[],"class_list":{"0":"post-2142","1":"product","2":"type-product","3":"status-publish","4":"has-post-thumbnail","6":"product_cat-uncategorized","7":"desktop-align-left","8":"tablet-align-left","9":"mobile-align-left","11":"first","12":"instock","13":"sale","14":"shipping-taxable","15":"purchasable","16":"product-type-simple"},"yoast_head":"<!-- This site is optimized with the Yoast SEO plugin v24.1 - https:\/\/yoast.com\/wordpress\/plugins\/seo\/ -->\n<title>Letn\u00ed speci\u00e1l - lekce angli\u010dtiny - lekceanglictiny.com<\/title>\n<meta name=\"robots\" content=\"index, follow, max-snippet:-1, max-image-preview:large, max-video-preview:-1\" \/>\n<link rel=\"canonical\" href=\"https:\/\/www.lekceanglictiny.com\/index.php\/product\/letni-balicek\/\" \/>\n<meta property=\"og:locale\" content=\"cs_CZ\" \/>\n<meta property=\"og:type\" content=\"article\" \/>\n<meta property=\"og:title\" content=\"Letn\u00ed speci\u00e1l - lekce angli\u010dtiny - lekceanglictiny.com\" \/>\n<meta property=\"og:description\" content=\"Voucher lze uplatnit pouze v \u010dervenci, srpnu a z\u00e1\u0159\u00ed 2022.\" \/>\n<meta property=\"og:url\" content=\"https:\/\/www.lekceanglictiny.com\/index.php\/product\/letni-balicek\/\" \/>\n<meta property=\"og:site_name\" content=\"lekceanglictiny.com\" \/>\n<meta property=\"article:publisher\" content=\"https:\/\/www.facebook.com\/jazykovytutoringcom\" \/>\n<meta property=\"article:modified_time\" content=\"2022-06-21T21:13:32+00:00\" \/>\n<meta property=\"og:image\" content=\"https:\/\/www.lekceanglictiny.com\/wp-content\/uploads\/2022\/06\/LETNI\u0301-NABI\u0301DKA-2022-cover-www.lekceanglictiny.com_.png\" \/>\n\t<meta property=\"og:image:width\" content=\"400\" \/>\n\t<meta property=\"og:image:height\" content=\"400\" \/>\n\t<meta property=\"og:image:type\" content=\"image\/png\" \/>\n<meta name=\"twitter:card\" content=\"summary_large_image\" \/>\n<script type=\"application\/ld+json\" class=\"yoast-schema-graph\">{\"@context\":\"https:\/\/schema.org\",\"@graph\":[{\"@type\":\"WebPage\",\"@id\":\"https:\/\/www.lekceanglictiny.com\/index.php\/product\/letni-balicek\/\",\"url\":\"https:\/\/www.lekceanglictiny.com\/index.php\/product\/letni-balicek\/\",\"name\":\"Letn\u00ed speci\u00e1l - lekce angli\u010dtiny - lekceanglictiny.com\",\"isPartOf\":{\"@id\":\"https:\/\/www.lekceanglictiny.com\/#website\"},\"primaryImageOfPage\":{\"@id\":\"https:\/\/www.lekceanglictiny.com\/index.php\/product\/letni-balicek\/#primaryimage\"},\"image\":{\"@id\":\"https:\/\/www.lekceanglictiny.com\/index.php\/product\/letni-balicek\/#primaryimage\"},\"thumbnailUrl\":\"https:\/\/www.lekceanglictiny.com\/wp-content\/uploads\/2022\/06\/LETNI\u0301-NABI\u0301DKA-2022-cover-www.lekceanglictiny.com_.png\",\"datePublished\":\"2022-06-21T19:26:20+00:00\",\"dateModified\":\"2022-06-21T21:13:32+00:00\",\"breadcrumb\":{\"@id\":\"https:\/\/www.lekceanglictiny.com\/index.php\/product\/letni-balicek\/#breadcrumb\"},\"inLanguage\":\"cs\",\"potentialAction\":[{\"@type\":\"ReadAction\",\"target\":[\"https:\/\/www.lekceanglictiny.com\/index.php\/product\/letni-balicek\/\"]}]},{\"@type\":\"ImageObject\",\"inLanguage\":\"cs\",\"@id\":\"https:\/\/www.lekceanglictiny.com\/index.php\/product\/letni-balicek\/#primaryimage\",\"url\":\"https:\/\/www.lekceanglictiny.com\/wp-content\/uploads\/2022\/06\/LETNI\u0301-NABI\u0301DKA-2022-cover-www.lekceanglictiny.com_.png\",\"contentUrl\":\"https:\/\/www.lekceanglictiny.com\/wp-content\/uploads\/2022\/06\/LETNI\u0301-NABI\u0301DKA-2022-cover-www.lekceanglictiny.com_.png\",\"width\":400,\"height\":400,\"caption\":\"www.lekceanglictiny.com\"},{\"@type\":\"BreadcrumbList\",\"@id\":\"https:\/\/www.lekceanglictiny.com\/index.php\/product\/letni-balicek\/#breadcrumb\",\"itemListElement\":[{\"@type\":\"ListItem\",\"position\":1,\"name\":\"Home\",\"item\":\"https:\/\/www.lekceanglictiny.com\/\"},{\"@type\":\"ListItem\",\"position\":2,\"name\":\"Letn\u00ed speci\u00e1l &#8211; lekce angli\u010dtiny\"}]},{\"@type\":\"WebSite\",\"@id\":\"https:\/\/www.lekceanglictiny.com\/#website\",\"url\":\"https:\/\/www.lekceanglictiny.com\/\",\"name\":\"lekceanglictiny.com\",\"description\":\"Lekce angli\u010dtiny\",\"publisher\":{\"@id\":\"https:\/\/www.lekceanglictiny.com\/#organization\"},\"potentialAction\":[{\"@type\":\"SearchAction\",\"target\":{\"@type\":\"EntryPoint\",\"urlTemplate\":\"https:\/\/www.lekceanglictiny.com\/?s={search_term_string}\"},\"query-input\":{\"@type\":\"PropertyValueSpecification\",\"valueRequired\":true,\"valueName\":\"search_term_string\"}}],\"inLanguage\":\"cs\"},{\"@type\":\"Organization\",\"@id\":\"https:\/\/www.lekceanglictiny.com\/#organization\",\"name\":\"lekceanglictiny.com\",\"url\":\"https:\/\/www.lekceanglictiny.com\/\",\"logo\":{\"@type\":\"ImageObject\",\"inLanguage\":\"cs\",\"@id\":\"https:\/\/www.lekceanglictiny.com\/#\/schema\/logo\/image\/\",\"url\":\"https:\/\/www.lekceanglictiny.com\/wp-content\/uploads\/2021\/06\/logo-pic-black.png\",\"contentUrl\":\"https:\/\/www.lekceanglictiny.com\/wp-content\/uploads\/2021\/06\/logo-pic-black.png\",\"width\":373,\"height\":429,\"caption\":\"lekceanglictiny.com\"},\"image\":{\"@id\":\"https:\/\/www.lekceanglictiny.com\/#\/schema\/logo\/image\/\"},\"sameAs\":[\"https:\/\/www.facebook.com\/jazykovytutoringcom\",\"https:\/\/www.instagram.com\/jazykovy_tutoring\/\"]}]}<\/script>\n<!-- \/ Yoast SEO plugin. -->","yoast_head_json":{"title":"Letn\u00ed speci\u00e1l - lekce angli\u010dtiny - lekceanglictiny.com","robots":{"index":"index","follow":"follow","max-snippet":"max-snippet:-1","max-image-preview":"max-image-preview:large","max-video-preview":"max-video-preview:-1"},"canonical":"https:\/\/www.lekceanglictiny.com\/index.php\/product\/letni-balicek\/","og_locale":"cs_CZ","og_type":"article","og_title":"Letn\u00ed speci\u00e1l - lekce angli\u010dtiny - lekceanglictiny.com","og_description":"Voucher lze uplatnit pouze v \u010dervenci, srpnu a z\u00e1\u0159\u00ed 2022.","og_url":"https:\/\/www.lekceanglictiny.com\/index.php\/product\/letni-balicek\/","og_site_name":"lekceanglictiny.com","article_publisher":"https:\/\/www.facebook.com\/jazykovytutoringcom","article_modified_time":"2022-06-21T21:13:32+00:00","og_image":[{"width":400,"height":400,"url":"https:\/\/www.lekceanglictiny.com\/wp-content\/uploads\/2022\/06\/LETNI\u0301-NABI\u0301DKA-2022-cover-www.lekceanglictiny.com_.png","type":"image\/png"}],"twitter_card":"summary_large_image","schema":{"@context":"https:\/\/schema.org","@graph":[{"@type":"WebPage","@id":"https:\/\/www.lekceanglictiny.com\/index.php\/product\/letni-balicek\/","url":"https:\/\/www.lekceanglictiny.com\/index.php\/product\/letni-balicek\/","name":"Letn\u00ed speci\u00e1l - lekce angli\u010dtiny - lekceanglictiny.com","isPartOf":{"@id":"https:\/\/www.lekceanglictiny.com\/#website"},"primaryImageOfPage":{"@id":"https:\/\/www.lekceanglictiny.com\/index.php\/product\/letni-balicek\/#primaryimage"},"image":{"@id":"https:\/\/www.lekceanglictiny.com\/index.php\/product\/letni-balicek\/#primaryimage"},"thumbnailUrl":"https:\/\/www.lekceanglictiny.com\/wp-content\/uploads\/2022\/06\/LETNI\u0301-NABI\u0301DKA-2022-cover-www.lekceanglictiny.com_.png","datePublished":"2022-06-21T19:26:20+00:00","dateModified":"2022-06-21T21:13:32+00:00","breadcrumb":{"@id":"https:\/\/www.lekceanglictiny.com\/index.php\/product\/letni-balicek\/#breadcrumb"},"inLanguage":"cs","potentialAction":[{"@type":"ReadAction","target":["https:\/\/www.lekceanglictiny.com\/index.php\/product\/letni-balicek\/"]}]},{"@type":"ImageObject","inLanguage":"cs","@id":"https:\/\/www.lekceanglictiny.com\/index.php\/product\/letni-balicek\/#primaryimage","url":"https:\/\/www.lekceanglictiny.com\/wp-content\/uploads\/2022\/06\/LETNI\u0301-NABI\u0301DKA-2022-cover-www.lekceanglictiny.com_.png","contentUrl":"https:\/\/www.lekceanglictiny.com\/wp-content\/uploads\/2022\/06\/LETNI\u0301-NABI\u0301DKA-2022-cover-www.lekceanglictiny.com_.png","width":400,"height":400,"caption":"www.lekceanglictiny.com"},{"@type":"BreadcrumbList","@id":"https:\/\/www.lekceanglictiny.com\/index.php\/product\/letni-balicek\/#breadcrumb","itemListElement":[{"@type":"ListItem","position":1,"name":"Home","item":"https:\/\/www.lekceanglictiny.com\/"},{"@type":"ListItem","position":2,"name":"Letn\u00ed speci\u00e1l &#8211; lekce angli\u010dtiny"}]},{"@type":"WebSite","@id":"https:\/\/www.lekceanglictiny.com\/#website","url":"https:\/\/www.lekceanglictiny.com\/","name":"lekceanglictiny.com","description":"Lekce angli\u010dtiny","publisher":{"@id":"https:\/\/www.lekceanglictiny.com\/#organization"},"potentialAction":[{"@type":"SearchAction","target":{"@type":"EntryPoint","urlTemplate":"https:\/\/www.lekceanglictiny.com\/?s={search_term_string}"},"query-input":{"@type":"PropertyValueSpecification","valueRequired":true,"valueName":"search_term_string"}}],"inLanguage":"cs"},{"@type":"Organization","@id":"https:\/\/www.lekceanglictiny.com\/#organization","name":"lekceanglictiny.com","url":"https:\/\/www.lekceanglictiny.com\/","logo":{"@type":"ImageObject","inLanguage":"cs","@id":"https:\/\/www.lekceanglictiny.com\/#\/schema\/logo\/image\/","url":"https:\/\/www.lekceanglictiny.com\/wp-content\/uploads\/2021\/06\/logo-pic-black.png","contentUrl":"https:\/\/www.lekceanglictiny.com\/wp-content\/uploads\/2021\/06\/logo-pic-black.png","width":373,"height":429,"caption":"lekceanglictiny.com"},"image":{"@id":"https:\/\/www.lekceanglictiny.com\/#\/schema\/logo\/image\/"},"sameAs":["https:\/\/www.facebook.com\/jazykovytutoringcom","https:\/\/www.instagram.com\/jazykovy_tutoring\/"]}]}},"_links":{"self":[{"href":"https:\/\/www.lekceanglictiny.com\/index.php\/wp-json\/wp\/v2\/product\/2142","targetHints":{"allow":["GET"]}}],"collection":[{"href":"https:\/\/www.lekceanglictiny.com\/index.php\/wp-json\/wp\/v2\/product"}],"about":[{"href":"https:\/\/www.lekceanglictiny.com\/index.php\/wp-json\/wp\/v2\/types\/product"}],"wp:featuredmedia":[{"embeddable":true,"href":"https:\/\/www.lekceanglictiny.com\/index.php\/wp-json\/wp\/v2\/media\/2043"}],"wp:attachment":[{"href":"https:\/\/www.lekceanglictiny.com\/index.php\/wp-json\/wp\/v2\/media?parent=2142"}],"wp:term":[{"taxonomy":"product_cat","embeddable":true,"href":"https:\/\/www.lekceanglictiny.com\/index.php\/wp-json\/wp\/v2\/product_cat?post=2142"},{"taxonomy":"product_tag","embeddable":true,"href":"https:\/\/www.lekceanglictiny.com\/index.php\/wp-json\/wp\/v2\/product_tag?post=2142"}],"curies":[{"name":"wp","href":"https:\/\/api.w.org\/{rel}","templated":true}]}}